{"id":6308,"date":"2018-03-26T11:26:28","date_gmt":"2018-03-26T09:26:28","guid":{"rendered":"http:\/\/pixelsucht.net\/configurator-reloaded-photoshop-panel\/?page_id=6308"},"modified":"2018-04-26T10:08:22","modified_gmt":"2018-04-26T08:08:22","slug":"give-away-2","status":"publish","type":"page","link":"https:\/\/pixelsucht.net\/configurator-reloaded-photoshop-panel\/give-away-2\/","title":{"rendered":"Give-Away"},"content":{"rendered":"<p>[et_pb_section fb_built=&#8220;1&#8243; _builder_version=&#8220;3.0.106&#8243; use_background_color_gradient=&#8220;on&#8220; background_color_gradient_start=&#8220;rgba(0,0,0,0.86)&#8220; background_color_gradient_end=&#8220;rgba(0,0,0,0.83)&#8220; background_color_gradient_overlays_image=&#8220;on&#8220; background_image=&#8220;https:\/\/pixelsucht.net\/configurator-reloaded-photoshop-panel\/wp-content\/uploads\/2018\/03\/adobe-creative-cloud-2014-hero.jpg&#8220; custom_margin=&#8220;|||&#8220; custom_padding=&#8220;|||&#8220; custom_css_main_element=&#8220;height: 100vh;&#8220;][et_pb_row custom_padding=&#8220;27px|0px|0|0px&#8220; custom_padding_last_edited=&#8220;on|desktop&#8220; _builder_version=&#8220;3.0.106&#8243; animation_style=&#8220;bounce&#8220;][et_pb_column type=&#8220;4_4&#8243; _builder_version=&#8220;3.0.47&#8243; parallax=&#8220;off&#8220; parallax_method=&#8220;on&#8220;][et_pb_text _builder_version=&#8220;3.0.106&#8243; header_font=&#8220;|300|||||||&#8220; header_font_size=&#8220;50px&#8220; header_font_size_tablet=&#8220;30px&#8220; header_font_size_phone=&#8220;29px&#8220; header_font_size_last_edited=&#8220;on|phone&#8220; header_line_height=&#8220;1.3em&#8220; header_2_font_size_phone=&#8220;20px&#8220; header_2_font_size_last_edited=&#8220;on|desktop&#8220; text_orientation=&#8220;center&#8220; background_layout=&#8220;dark&#8220;]<\/p>\n<h1><strong>Gewinne ein <span style=\"color: #ed384f;\">Jahres-Abonnement der Creative Cloud<\/span> und <span style=\"color: #ed384f;\">Configurator Reloaded<\/span><\/strong><\/h1>\n<h2><span style=\"color: yellow;\">Gesamtwert von <strong>800 \u20ac<\/strong><\/span><\/h2>\n<p>[\/et_pb_text][et_pb_text _builder_version=&#8220;3.1.1&#8243; header_font=&#8220;||||||||&#8220; header_text_color=&#8220;#ffffff&#8220;]<\/p>\n<h1 style=\"text-align: center;\">Das Gewinnspiel ist vorbei!<\/h1>\n<p>[\/et_pb_text][\/et_pb_column][\/et_pb_row][et_pb_row custom_padding=&#8220;0|0px|0|0px&#8220; _builder_version=&#8220;3.0.106&#8243; animation_style=&#8220;fade&#8220; animation_delay=&#8220;2000ms&#8220;][et_pb_column type=&#8220;4_4&#8243; _builder_version=&#8220;3.0.47&#8243; parallax=&#8220;off&#8220; parallax_method=&#8220;on&#8220;][et_pb_countdown_timer title=&#8220;Gewinnspiel endet in&#8220; date_time=&#8220;2018-04-26 00:00&#8243; _builder_version=&#8220;3.0.106&#8243; header_font=&#8220;|||on|||||&#8220; numbers_font=&#8220;||||||||&#8220; numbers_font_size_last_edited=&#8220;on|desktop&#8220; label_font=&#8220;||||||||&#8220; background_color=&#8220;rgba(236,66,59,0)&#8220;][\/et_pb_countdown_timer][et_pb_text _builder_version=&#8220;3.0.106&#8243; text_font=&#8220;||||||||&#8220; text_font_size=&#8220;18px&#8220; text_font_size_phone=&#8220;13px&#8220; text_font_size_last_edited=&#8220;on|phone&#8220; text_line_height=&#8220;1.8em&#8220; header_font=&#8220;||||||||&#8220; background_layout=&#8220;dark&#8220; custom_margin=&#8220;|||&#8220;]<\/p>\n<p style=\"text-align: center;\">Die <a href=\"https:\/\/clk.tradedoubler.com\/click?p(264311)a(2796029)g(22913592)url(https:\/\/www.adobe.com\/de\/creativecloud\/membership.html)\" target=\"_blank\" rel=\"noopener noreferrer\">Creative Cloud<\/a> beinhaltet alle <a href=\"https:\/\/clk.tradedoubler.com\/click?p(264311)a(2796029)g(22913592)url(https:\/\/www.adobe.com\/de\/creativecloud\/catalog\/desktop.html)\" target=\"_blank\" rel=\"noopener noreferrer\">Desktop-Programme<\/a> wie Photoshop, Lightroom, Illustrator, InDesign, Dreamwaver, Premiere und viele andere Anwendungen. Auch viele <a href=\"https:\/\/clk.tradedoubler.com\/click?p(264311)a(2796029)g(22913592)url(https:\/\/www.adobe.com\/de\/creativecloud\/catalog\/mobile.html)\" target=\"_blank\" rel=\"noopener noreferrer\">mobile Apps<\/a> sind verf\u00fcgbar. Der Preis f\u00fcr ein Jahresabonnement betr\u00e4gt <strong>714 \u20ac.<\/strong><\/p>\n<p>[\/et_pb_text][et_pb_text _builder_version=&#8220;3.0.106&#8243; text_font=&#8220;||||||||&#8220; text_font_size=&#8220;18px&#8220; text_font_size_phone=&#8220;13px&#8220; text_font_size_last_edited=&#8220;on|phone&#8220; text_line_height=&#8220;1.8em&#8220; header_font=&#8220;||||||||&#8220; background_layout=&#8220;dark&#8220;]<\/p>\n<p style=\"text-align: center;\"><a href=\"https:\/\/pixelsucht.net\/configurator-reloaded-photoshop-panel\/de\/home\/\" target=\"_blank\" rel=\"noopener noreferrer\">Configurator Reloaded<\/a> ist eine Erweiterung f\u00fcr Photoshop und InDesign. Es erm\u00f6glicht dir, eigene Panels per Drag &amp; Drop zu erstellen. Der Preis f\u00fcr die Photoshop- und InDesign-Version betr\u00e4gt <strong>90 \u20ac<\/strong> (einmalige Zahlung, kein Abonnement).<\/p>\n<p>[\/et_pb_text][\/et_pb_column][\/et_pb_row][et_pb_row custom_padding=&#8220;70px|0px|27px|0px&#8220; custom_padding_phone=&#8220;30px|0px|30px|0px&#8220; custom_padding_last_edited=&#8220;on|tablet&#8220; _builder_version=&#8220;3.0.106&#8243;][et_pb_column type=&#8220;4_4&#8243; _builder_version=&#8220;3.0.47&#8243; parallax=&#8220;off&#8220; parallax_method=&#8220;on&#8220;][et_pb_text _builder_version=&#8220;3.0.106&#8243; text_font=&#8220;||||||||&#8220; background_layout=&#8220;dark&#8220; animation_style=&#8220;fade&#8220; animation_delay=&#8220;2500ms&#8220;]<\/p>\n<p style=\"text-align: center;\">Eine Kampagne von<\/p>\n<p style=\"text-align: center;\"><a href=\"https:\/\/pixelsucht.net\/\" target=\"_blank\" rel=\"noopener noreferrer\"><img decoding=\"async\" class=\"wp-image-6271 alignnone size-full\" src=\"https:\/\/pixelsucht.net\/configurator-reloaded-photoshop-panel\/wp-content\/uploads\/2018\/03\/logo-pixelsucht.svg\" alt=\"\" width=\"300px\" height=\"\" \/><\/a><\/p>\n<p style=\"text-align: center;\">in Zusammenarbeit mit Adobe Systems Incorporated<\/p>\n<p>[\/et_pb_text][\/et_pb_column][\/et_pb_row][et_pb_row _builder_version=&#8220;3.0.106&#8243;][et_pb_column type=&#8220;4_4&#8243; _builder_version=&#8220;3.0.47&#8243; parallax=&#8220;off&#8220; parallax_method=&#8220;on&#8220;][et_pb_text _builder_version=&#8220;3.0.106&#8243;][\/et_pb_text][\/et_pb_column][\/et_pb_row][\/et_pb_section]<\/p>\n","protected":false},"excerpt":{"rendered":"<p>Gewinne ein Jahres-Abonnement der Creative Cloud und Configurator Reloaded Gesamtwert von 800 \u20ac Das Gewinnspiel ist vorbei! Die Creative Cloud beinhaltet alle Desktop-Programme wie Photoshop, Lightroom, Illustrator, InDesign, Dreamwaver, Premiere und viele andere Anwendungen. Auch viele mobile Apps sind verf\u00fcgbar. Der Preis f\u00fcr ein Jahresabonnement betr\u00e4gt 714 \u20ac. Configurator Reloaded ist eine Erweiterung f\u00fcr Photoshop [&hellip;]<\/p>\n","protected":false},"author":1,"featured_media":0,"parent":0,"menu_order":0,"comment_status":"closed","ping_status":"closed","template":"page-template-blank.php","meta":{"_bbp_topic_count":0,"_bbp_reply_count":0,"_bbp_total_topic_count":0,"_bbp_total_reply_count":0,"_bbp_voice_count":0,"_bbp_anonymous_reply_count":0,"_bbp_topic_count_hidden":0,"_bbp_reply_count_hidden":0,"_bbp_forum_subforum_count":0,"_et_pb_use_builder":"on","_et_pb_old_content":"","_et_gb_content_width":"","inline_featured_image":false,"_monsterinsights_skip_tracking":false,"_monsterinsights_sitenote_active":false,"_monsterinsights_sitenote_note":"","_monsterinsights_sitenote_category":0,"footnotes":""},"class_list":["post-6308","page","type-page","status-publish","hentry"],"yoast_head":"<!-- This site is optimized with the Yoast SEO plugin v27.4 - https:\/\/yoast.com\/product\/yoast-seo-wordpress\/ -->\n<title>Give-Away - Configurator Reloaded \u2013 Photoshop Panel<\/title>\n<meta name=\"robots\" content=\"index, follow, max-snippet:-1, max-image-preview:large, max-video-preview:-1\" \/>\n<link rel=\"canonical\" href=\"https:\/\/pixelsucht.net\/configurator-reloaded-photoshop-panel\/give-away-2\/\" \/>\n<meta property=\"og:locale\" content=\"de_DE\" \/>\n<meta property=\"og:type\" content=\"article\" \/>\n<meta property=\"og:title\" content=\"Gewinne ein 1-Jahres-Abonnement der Creative Cloud und Configurator Reloaded\" \/>\n<meta property=\"og:description\" content=\"Im Gesamtwert von 800 \u20ac\" \/>\n<meta property=\"og:url\" content=\"https:\/\/pixelsucht.net\/configurator-reloaded-photoshop-panel\/give-away-2\/\" \/>\n<meta property=\"og:site_name\" content=\"Configurator Reloaded \u2013 Photoshop Panel\" \/>\n<meta property=\"article:modified_time\" content=\"2018-04-26T08:08:22+00:00\" \/>\n<meta property=\"og:image\" content=\"https:\/\/pixelsucht.net\/configurator-reloaded-photoshop-panel\/wp-content\/uploads\/2018\/03\/Facebook-Bild-DE.jpg\" \/>\n\t<meta property=\"og:image:width\" content=\"1200\" \/>\n\t<meta property=\"og:image:height\" content=\"630\" \/>\n\t<meta property=\"og:image:type\" content=\"image\/jpeg\" \/>\n<meta name=\"twitter:card\" content=\"summary_large_image\" \/>\n<meta name=\"twitter:label1\" content=\"Gesch\u00e4tzte Lesezeit\" \/>\n\t<meta name=\"twitter:data1\" content=\"2\u00a0Minuten\" \/>\n<script type=\"application\/ld+json\" class=\"yoast-schema-graph\">{\"@context\":\"https:\\\/\\\/schema.org\",\"@graph\":[{\"@type\":\"WebPage\",\"@id\":\"https:\\\/\\\/pixelsucht.net\\\/configurator-reloaded-photoshop-panel\\\/give-away-2\\\/\",\"url\":\"https:\\\/\\\/pixelsucht.net\\\/configurator-reloaded-photoshop-panel\\\/give-away-2\\\/\",\"name\":\"Give-Away - Configurator Reloaded \u2013 Photoshop Panel\",\"isPartOf\":{\"@id\":\"https:\\\/\\\/pixelsucht.net\\\/configurator-reloaded-photoshop-panel\\\/#website\"},\"primaryImageOfPage\":{\"@id\":\"https:\\\/\\\/pixelsucht.net\\\/configurator-reloaded-photoshop-panel\\\/give-away-2\\\/#primaryimage\"},\"image\":{\"@id\":\"https:\\\/\\\/pixelsucht.net\\\/configurator-reloaded-photoshop-panel\\\/give-away-2\\\/#primaryimage\"},\"thumbnailUrl\":\"https:\\\/\\\/pixelsucht.net\\\/configurator-reloaded-photoshop-panel\\\/wp-content\\\/uploads\\\/2018\\\/03\\\/logo-pixelsucht.svg\",\"datePublished\":\"2018-03-26T09:26:28+00:00\",\"dateModified\":\"2018-04-26T08:08:22+00:00\",\"breadcrumb\":{\"@id\":\"https:\\\/\\\/pixelsucht.net\\\/configurator-reloaded-photoshop-panel\\\/give-away-2\\\/#breadcrumb\"},\"inLanguage\":\"de\",\"potentialAction\":[{\"@type\":\"ReadAction\",\"target\":[\"https:\\\/\\\/pixelsucht.net\\\/configurator-reloaded-photoshop-panel\\\/give-away-2\\\/\"]}]},{\"@type\":\"ImageObject\",\"inLanguage\":\"de\",\"@id\":\"https:\\\/\\\/pixelsucht.net\\\/configurator-reloaded-photoshop-panel\\\/give-away-2\\\/#primaryimage\",\"url\":\"https:\\\/\\\/pixelsucht.net\\\/configurator-reloaded-photoshop-panel\\\/wp-content\\\/uploads\\\/2018\\\/03\\\/logo-pixelsucht.svg\",\"contentUrl\":\"https:\\\/\\\/pixelsucht.net\\\/configurator-reloaded-photoshop-panel\\\/wp-content\\\/uploads\\\/2018\\\/03\\\/logo-pixelsucht.svg\"},{\"@type\":\"BreadcrumbList\",\"@id\":\"https:\\\/\\\/pixelsucht.net\\\/configurator-reloaded-photoshop-panel\\\/give-away-2\\\/#breadcrumb\",\"itemListElement\":[{\"@type\":\"ListItem\",\"position\":1,\"name\":\"Startseite\",\"item\":\"https:\\\/\\\/pixelsucht.net\\\/configurator-reloaded-photoshop-panel\\\/\"},{\"@type\":\"ListItem\",\"position\":2,\"name\":\"Give-Away\"}]},{\"@type\":\"WebSite\",\"@id\":\"https:\\\/\\\/pixelsucht.net\\\/configurator-reloaded-photoshop-panel\\\/#website\",\"url\":\"https:\\\/\\\/pixelsucht.net\\\/configurator-reloaded-photoshop-panel\\\/\",\"name\":\"Configurator Reloaded \u2013 Photoshop Panel\",\"description\":\"Create your own panels for Photoshop CC.\",\"potentialAction\":[{\"@type\":\"SearchAction\",\"target\":{\"@type\":\"EntryPoint\",\"urlTemplate\":\"https:\\\/\\\/pixelsucht.net\\\/configurator-reloaded-photoshop-panel\\\/?s={search_term_string}\"},\"query-input\":{\"@type\":\"PropertyValueSpecification\",\"valueRequired\":true,\"valueName\":\"search_term_string\"}}],\"inLanguage\":\"de\"}]}<\/script>\n<!-- \/ Yoast SEO plugin. -->","yoast_head_json":{"title":"Give-Away - Configurator Reloaded \u2013 Photoshop Panel","robots":{"index":"index","follow":"follow","max-snippet":"max-snippet:-1","max-image-preview":"max-image-preview:large","max-video-preview":"max-video-preview:-1"},"canonical":"https:\/\/pixelsucht.net\/configurator-reloaded-photoshop-panel\/give-away-2\/","og_locale":"de_DE","og_type":"article","og_title":"Gewinne ein 1-Jahres-Abonnement der Creative Cloud und Configurator Reloaded","og_description":"Im Gesamtwert von 800 \u20ac","og_url":"https:\/\/pixelsucht.net\/configurator-reloaded-photoshop-panel\/give-away-2\/","og_site_name":"Configurator Reloaded \u2013 Photoshop Panel","article_modified_time":"2018-04-26T08:08:22+00:00","og_image":[{"width":1200,"height":630,"url":"https:\/\/pixelsucht.net\/configurator-reloaded-photoshop-panel\/wp-content\/uploads\/2018\/03\/Facebook-Bild-DE.jpg","type":"image\/jpeg"}],"twitter_card":"summary_large_image","twitter_misc":{"Gesch\u00e4tzte Lesezeit":"2\u00a0Minuten"},"schema":{"@context":"https:\/\/schema.org","@graph":[{"@type":"WebPage","@id":"https:\/\/pixelsucht.net\/configurator-reloaded-photoshop-panel\/give-away-2\/","url":"https:\/\/pixelsucht.net\/configurator-reloaded-photoshop-panel\/give-away-2\/","name":"Give-Away - Configurator Reloaded \u2013 Photoshop Panel","isPartOf":{"@id":"https:\/\/pixelsucht.net\/configurator-reloaded-photoshop-panel\/#website"},"primaryImageOfPage":{"@id":"https:\/\/pixelsucht.net\/configurator-reloaded-photoshop-panel\/give-away-2\/#primaryimage"},"image":{"@id":"https:\/\/pixelsucht.net\/configurator-reloaded-photoshop-panel\/give-away-2\/#primaryimage"},"thumbnailUrl":"https:\/\/pixelsucht.net\/configurator-reloaded-photoshop-panel\/wp-content\/uploads\/2018\/03\/logo-pixelsucht.svg","datePublished":"2018-03-26T09:26:28+00:00","dateModified":"2018-04-26T08:08:22+00:00","breadcrumb":{"@id":"https:\/\/pixelsucht.net\/configurator-reloaded-photoshop-panel\/give-away-2\/#breadcrumb"},"inLanguage":"de","potentialAction":[{"@type":"ReadAction","target":["https:\/\/pixelsucht.net\/configurator-reloaded-photoshop-panel\/give-away-2\/"]}]},{"@type":"ImageObject","inLanguage":"de","@id":"https:\/\/pixelsucht.net\/configurator-reloaded-photoshop-panel\/give-away-2\/#primaryimage","url":"https:\/\/pixelsucht.net\/configurator-reloaded-photoshop-panel\/wp-content\/uploads\/2018\/03\/logo-pixelsucht.svg","contentUrl":"https:\/\/pixelsucht.net\/configurator-reloaded-photoshop-panel\/wp-content\/uploads\/2018\/03\/logo-pixelsucht.svg"},{"@type":"BreadcrumbList","@id":"https:\/\/pixelsucht.net\/configurator-reloaded-photoshop-panel\/give-away-2\/#breadcrumb","itemListElement":[{"@type":"ListItem","position":1,"name":"Startseite","item":"https:\/\/pixelsucht.net\/configurator-reloaded-photoshop-panel\/"},{"@type":"ListItem","position":2,"name":"Give-Away"}]},{"@type":"WebSite","@id":"https:\/\/pixelsucht.net\/configurator-reloaded-photoshop-panel\/#website","url":"https:\/\/pixelsucht.net\/configurator-reloaded-photoshop-panel\/","name":"Configurator Reloaded \u2013 Photoshop Panel","description":"Create your own panels for Photoshop CC.","potentialAction":[{"@type":"SearchAction","target":{"@type":"EntryPoint","urlTemplate":"https:\/\/pixelsucht.net\/configurator-reloaded-photoshop-panel\/?s={search_term_string}"},"query-input":{"@type":"PropertyValueSpecification","valueRequired":true,"valueName":"search_term_string"}}],"inLanguage":"de"}]}},"_links":{"self":[{"href":"https:\/\/pixelsucht.net\/configurator-reloaded-photoshop-panel\/wp-json\/wp\/v2\/pages\/6308","targetHints":{"allow":["GET"]}}],"collection":[{"href":"https:\/\/pixelsucht.net\/configurator-reloaded-photoshop-panel\/wp-json\/wp\/v2\/pages"}],"about":[{"href":"https:\/\/pixelsucht.net\/configurator-reloaded-photoshop-panel\/wp-json\/wp\/v2\/types\/page"}],"author":[{"embeddable":true,"href":"https:\/\/pixelsucht.net\/configurator-reloaded-photoshop-panel\/wp-json\/wp\/v2\/users\/1"}],"replies":[{"embeddable":true,"href":"https:\/\/pixelsucht.net\/configurator-reloaded-photoshop-panel\/wp-json\/wp\/v2\/comments?post=6308"}],"version-history":[{"count":0,"href":"https:\/\/pixelsucht.net\/configurator-reloaded-photoshop-panel\/wp-json\/wp\/v2\/pages\/6308\/revisions"}],"wp:attachment":[{"href":"https:\/\/pixelsucht.net\/configurator-reloaded-photoshop-panel\/wp-json\/wp\/v2\/media?parent=6308"}],"curies":[{"name":"wp","href":"https:\/\/api.w.org\/{rel}","templated":true}]}}