{"id":5604,"date":"2017-07-25T15:53:47","date_gmt":"2017-07-25T13:53:47","guid":{"rendered":"http:\/\/pixelsucht.net\/configurator-reloaded-photoshop-panel\/?page_id=5604"},"modified":"2017-07-26T15:20:01","modified_gmt":"2017-07-26T13:20:01","slug":"affiliate-de","status":"publish","type":"page","link":"https:\/\/pixelsucht.net\/configurator-reloaded-photoshop-panel\/affiliate-de\/","title":{"rendered":"Become a partner"},"content":{"rendered":"<p>[et_pb_section bb_built=&#8220;1&#8243; admin_label=&#8220;section&#8220;][et_pb_row admin_label=&#8220;row&#8220;][et_pb_column type=&#8220;4_4&#8243;][et_pb_image admin_label=&#8220;Bild&#8220; src=&#8220;https:\/\/pixelsucht.net\/configurator-reloaded-photoshop-panel\/wp-content\/uploads\/2017\/05\/configurator-reloadod-photoshop-cc-panel-logo.svg&#8220; align=&#8220;center&#8220; custom_css_main_element=&#8220;max-width: 500px;&#8220; \/][\/et_pb_column][\/et_pb_row][et_pb_row admin_label=&#8220;row&#8220; custom_padding=&#8220;0px|0px|27px|0px&#8220;][et_pb_column type=&#8220;4_4&#8243;][et_pb_text admin_label=&#8220;Text&#8220; header_font=&#8220;Open Sans||||&#8220; text_font_size=&#8220;19px&#8220; text_font_size_tablet=&#8220;15px&#8220; text_font_size_last_edited=&#8220;on|phone&#8220; text_line_height=&#8220;1.6em&#8220; background_layout=&#8220;light&#8220; text_orientation=&#8220;left&#8220; use_border_color=&#8220;off&#8220; border_color=&#8220;#ffffff&#8220; border_style=&#8220;solid&#8220;]<\/p>\n<h1 style=\"text-align: center;\">Partnerprogramm<\/h1>\n<p>&nbsp;<\/p>\n<p style=\"text-align: center;\"><strong>Configurator Reloaded\u00a0weiterempfehlen und dazuverdienen.<br \/>\n<\/strong>F\u00fcr jeden von dir generierten Kauf erh\u00e4ltst du <span style=\"color: #ec423b;\"><strong>20% des Verkaufspreises.<\/strong><\/span><\/p>\n<p style=\"text-align: center;\">Das Partnerprogramm l\u00e4uft \u00fcber die Plattform <a href=\"http:\/\/member.impactradius.com\/campaign-campaign-info\/Configurator-Reloaded.brand\" target=\"_blank\" rel=\"noopener noreferrer\">Impact Radius<\/a>.<\/p>\n<p style=\"text-align: center;\"><strong>Das bietet dir das Partnerprogramm:<\/strong><\/p>\n<p style=\"text-align: center;\">\u2022 20% des Verkaufspreises<br \/>\n\u2022 Echtzeit-Report<br \/>\n\u2022 30-Tage-Cookie<br \/>\n\u2022 Kostenlose Anmeldung<br \/>\n\u2022 Regelm\u00e4\u00dfige Auszahlungen<\/p>\n<p style=\"text-align: center;\"><em>Non-Content-,\u00a0Coupon- und Deal-Sites sind nicht erlaubt.<\/em><\/p>\n<p style=\"text-align: center;\">Hier k\u00f6nntest du f\u00fcr Configurator Reloaded werben:<br \/>\nBlog, Website, Facebook, Instagram, Twitter, Newsletter, Landingpage, usw.<\/p>\n<p class=\"\" style=\"text-align: center;\">Nach der Anmeldung stehen dir verschiedene Werbemittel (Links, Banner) zur Verf\u00fcgung.<\/p>\n<p>[\/et_pb_text][et_pb_button admin_label=&#8220;Taste&#8220; button_url=&#8220;http:\/\/member.impactradius.com\/campaign-campaign-info\/Configurator-Reloaded.brand&#8220; url_new_window=&#8220;on&#8220; button_text=&#8220;F\u00fcr Partnerprogramm anmelden&#8220; button_alignment=&#8220;center&#8220; custom_button=&#8220;on&#8220; button_text_color=&#8220;#ec423b&#8220; background_color=&#8220;#ec423b&#8220; background_layout=&#8220;light&#8220; button_letter_spacing=&#8220;0&#8243; button_use_icon=&#8220;default&#8220; button_icon_placement=&#8220;right&#8220; button_on_hover=&#8220;on&#8220; button_letter_spacing_hover=&#8220;0&#8243; \/][et_pb_text admin_label=&#8220;Text&#8220; text_font=&#8220;Open Sans||||&#8220;]<\/p>\n<p style=\"text-align: center;\"><strong>Fragen?<\/strong> Kontaktiere mich: thomas[at]pixelsucht.net<\/p>\n<p>[\/et_pb_text][\/et_pb_column][\/et_pb_row][\/et_pb_section][et_pb_section bb_built=&#8220;1&#8243; admin_label=&#8220;section&#8220;][et_pb_row admin_label=&#8220;row&#8220;][et_pb_column type=&#8220;4_4&#8243;][\/et_pb_column][\/et_pb_row][\/et_pb_section][et_pb_section bb_built=&#8220;1&#8243; admin_label=&#8220;section&#8220;][\/et_pb_section]<\/p>\n","protected":false},"excerpt":{"rendered":"<p>Partnerprogramm &nbsp; Configurator Reloaded\u00a0weiterempfehlen und dazuverdienen. F\u00fcr jeden von dir generierten Kauf erh\u00e4ltst du 20% des Verkaufspreises. Das Partnerprogramm l\u00e4uft \u00fcber die Plattform Impact Radius. Das bietet dir das Partnerprogramm: \u2022 20% des Verkaufspreises \u2022 Echtzeit-Report \u2022 30-Tage-Cookie \u2022 Kostenlose Anmeldung \u2022 Regelm\u00e4\u00dfige Auszahlungen Non-Content-,\u00a0Coupon- und Deal-Sites sind nicht erlaubt. Hier k\u00f6nntest du f\u00fcr Configurator [&hellip;]<\/p>\n","protected":false},"author":1,"featured_media":0,"parent":0,"menu_order":0,"comment_status":"closed","ping_status":"closed","template":"page-template-blank.php","meta":{"_bbp_topic_count":0,"_bbp_reply_count":0,"_bbp_total_topic_count":0,"_bbp_total_reply_count":0,"_bbp_voice_count":0,"_bbp_anonymous_reply_count":0,"_bbp_topic_count_hidden":0,"_bbp_reply_count_hidden":0,"_bbp_forum_subforum_count":0,"_et_pb_use_builder":"on","_et_pb_old_content":"<h2>\u00a0<\/h2>","_et_gb_content_width":"","inline_featured_image":false,"_monsterinsights_skip_tracking":false,"_monsterinsights_sitenote_active":false,"_monsterinsights_sitenote_note":"","_monsterinsights_sitenote_category":0,"footnotes":""},"class_list":["post-5604","page","type-page","status-publish","hentry"],"yoast_head":"<!-- This site is optimized with the Yoast SEO plugin v27.3 - https:\/\/yoast.com\/product\/yoast-seo-wordpress\/ -->\n<title>Become a partner - Configurator Reloaded \u2013 Photoshop Panel<\/title>\n<meta name=\"robots\" content=\"index, follow, max-snippet:-1, max-image-preview:large, max-video-preview:-1\" \/>\n<link rel=\"canonical\" href=\"https:\/\/pixelsucht.net\/configurator-reloaded-photoshop-panel\/affiliate-de\/\" \/>\n<meta property=\"og:locale\" content=\"de_DE\" \/>\n<meta property=\"og:type\" content=\"article\" \/>\n<meta property=\"og:title\" content=\"Become a partner - Configurator Reloaded \u2013 Photoshop Panel\" \/>\n<meta property=\"og:description\" content=\"Partnerprogramm &nbsp; Configurator Reloaded\u00a0weiterempfehlen und dazuverdienen. F\u00fcr jeden von dir generierten Kauf erh\u00e4ltst du 20% des Verkaufspreises. Das Partnerprogramm l\u00e4uft \u00fcber die Plattform Impact Radius. Das bietet dir das Partnerprogramm: \u2022 20% des Verkaufspreises \u2022 Echtzeit-Report \u2022 30-Tage-Cookie \u2022 Kostenlose Anmeldung \u2022 Regelm\u00e4\u00dfige Auszahlungen Non-Content-,\u00a0Coupon- und Deal-Sites sind nicht erlaubt. Hier k\u00f6nntest du f\u00fcr Configurator [&hellip;]\" \/>\n<meta property=\"og:url\" content=\"https:\/\/pixelsucht.net\/configurator-reloaded-photoshop-panel\/affiliate-de\/\" \/>\n<meta property=\"og:site_name\" content=\"Configurator Reloaded \u2013 Photoshop Panel\" \/>\n<meta property=\"article:modified_time\" content=\"2017-07-26T13:20:01+00:00\" \/>\n<meta name=\"twitter:card\" content=\"summary_large_image\" \/>\n<meta name=\"twitter:label1\" content=\"Gesch\u00e4tzte Lesezeit\" \/>\n\t<meta name=\"twitter:data1\" content=\"2\u00a0Minuten\" \/>\n<script type=\"application\/ld+json\" class=\"yoast-schema-graph\">{\"@context\":\"https:\\\/\\\/schema.org\",\"@graph\":[{\"@type\":\"WebPage\",\"@id\":\"https:\\\/\\\/pixelsucht.net\\\/configurator-reloaded-photoshop-panel\\\/affiliate-de\\\/\",\"url\":\"https:\\\/\\\/pixelsucht.net\\\/configurator-reloaded-photoshop-panel\\\/affiliate-de\\\/\",\"name\":\"Become a partner - Configurator Reloaded \u2013 Photoshop Panel\",\"isPartOf\":{\"@id\":\"https:\\\/\\\/pixelsucht.net\\\/configurator-reloaded-photoshop-panel\\\/#website\"},\"datePublished\":\"2017-07-25T13:53:47+00:00\",\"dateModified\":\"2017-07-26T13:20:01+00:00\",\"breadcrumb\":{\"@id\":\"https:\\\/\\\/pixelsucht.net\\\/configurator-reloaded-photoshop-panel\\\/affiliate-de\\\/#breadcrumb\"},\"inLanguage\":\"de\",\"potentialAction\":[{\"@type\":\"ReadAction\",\"target\":[\"https:\\\/\\\/pixelsucht.net\\\/configurator-reloaded-photoshop-panel\\\/affiliate-de\\\/\"]}]},{\"@type\":\"BreadcrumbList\",\"@id\":\"https:\\\/\\\/pixelsucht.net\\\/configurator-reloaded-photoshop-panel\\\/affiliate-de\\\/#breadcrumb\",\"itemListElement\":[{\"@type\":\"ListItem\",\"position\":1,\"name\":\"Startseite\",\"item\":\"https:\\\/\\\/pixelsucht.net\\\/configurator-reloaded-photoshop-panel\\\/\"},{\"@type\":\"ListItem\",\"position\":2,\"name\":\"Become a partner\"}]},{\"@type\":\"WebSite\",\"@id\":\"https:\\\/\\\/pixelsucht.net\\\/configurator-reloaded-photoshop-panel\\\/#website\",\"url\":\"https:\\\/\\\/pixelsucht.net\\\/configurator-reloaded-photoshop-panel\\\/\",\"name\":\"Configurator Reloaded \u2013 Photoshop Panel\",\"description\":\"Create your own panels for Photoshop CC.\",\"potentialAction\":[{\"@type\":\"SearchAction\",\"target\":{\"@type\":\"EntryPoint\",\"urlTemplate\":\"https:\\\/\\\/pixelsucht.net\\\/configurator-reloaded-photoshop-panel\\\/?s={search_term_string}\"},\"query-input\":{\"@type\":\"PropertyValueSpecification\",\"valueRequired\":true,\"valueName\":\"search_term_string\"}}],\"inLanguage\":\"de\"}]}<\/script>\n<!-- \/ Yoast SEO plugin. -->","yoast_head_json":{"title":"Become a partner - Configurator Reloaded \u2013 Photoshop Panel","robots":{"index":"index","follow":"follow","max-snippet":"max-snippet:-1","max-image-preview":"max-image-preview:large","max-video-preview":"max-video-preview:-1"},"canonical":"https:\/\/pixelsucht.net\/configurator-reloaded-photoshop-panel\/affiliate-de\/","og_locale":"de_DE","og_type":"article","og_title":"Become a partner - Configurator Reloaded \u2013 Photoshop Panel","og_description":"Partnerprogramm &nbsp; Configurator Reloaded\u00a0weiterempfehlen und dazuverdienen. F\u00fcr jeden von dir generierten Kauf erh\u00e4ltst du 20% des Verkaufspreises. Das Partnerprogramm l\u00e4uft \u00fcber die Plattform Impact Radius. Das bietet dir das Partnerprogramm: \u2022 20% des Verkaufspreises \u2022 Echtzeit-Report \u2022 30-Tage-Cookie \u2022 Kostenlose Anmeldung \u2022 Regelm\u00e4\u00dfige Auszahlungen Non-Content-,\u00a0Coupon- und Deal-Sites sind nicht erlaubt. Hier k\u00f6nntest du f\u00fcr Configurator [&hellip;]","og_url":"https:\/\/pixelsucht.net\/configurator-reloaded-photoshop-panel\/affiliate-de\/","og_site_name":"Configurator Reloaded \u2013 Photoshop Panel","article_modified_time":"2017-07-26T13:20:01+00:00","twitter_card":"summary_large_image","twitter_misc":{"Gesch\u00e4tzte Lesezeit":"2\u00a0Minuten"},"schema":{"@context":"https:\/\/schema.org","@graph":[{"@type":"WebPage","@id":"https:\/\/pixelsucht.net\/configurator-reloaded-photoshop-panel\/affiliate-de\/","url":"https:\/\/pixelsucht.net\/configurator-reloaded-photoshop-panel\/affiliate-de\/","name":"Become a partner - Configurator Reloaded \u2013 Photoshop Panel","isPartOf":{"@id":"https:\/\/pixelsucht.net\/configurator-reloaded-photoshop-panel\/#website"},"datePublished":"2017-07-25T13:53:47+00:00","dateModified":"2017-07-26T13:20:01+00:00","breadcrumb":{"@id":"https:\/\/pixelsucht.net\/configurator-reloaded-photoshop-panel\/affiliate-de\/#breadcrumb"},"inLanguage":"de","potentialAction":[{"@type":"ReadAction","target":["https:\/\/pixelsucht.net\/configurator-reloaded-photoshop-panel\/affiliate-de\/"]}]},{"@type":"BreadcrumbList","@id":"https:\/\/pixelsucht.net\/configurator-reloaded-photoshop-panel\/affiliate-de\/#breadcrumb","itemListElement":[{"@type":"ListItem","position":1,"name":"Startseite","item":"https:\/\/pixelsucht.net\/configurator-reloaded-photoshop-panel\/"},{"@type":"ListItem","position":2,"name":"Become a partner"}]},{"@type":"WebSite","@id":"https:\/\/pixelsucht.net\/configurator-reloaded-photoshop-panel\/#website","url":"https:\/\/pixelsucht.net\/configurator-reloaded-photoshop-panel\/","name":"Configurator Reloaded \u2013 Photoshop Panel","description":"Create your own panels for Photoshop CC.","potentialAction":[{"@type":"SearchAction","target":{"@type":"EntryPoint","urlTemplate":"https:\/\/pixelsucht.net\/configurator-reloaded-photoshop-panel\/?s={search_term_string}"},"query-input":{"@type":"PropertyValueSpecification","valueRequired":true,"valueName":"search_term_string"}}],"inLanguage":"de"}]}},"_links":{"self":[{"href":"https:\/\/pixelsucht.net\/configurator-reloaded-photoshop-panel\/wp-json\/wp\/v2\/pages\/5604","targetHints":{"allow":["GET"]}}],"collection":[{"href":"https:\/\/pixelsucht.net\/configurator-reloaded-photoshop-panel\/wp-json\/wp\/v2\/pages"}],"about":[{"href":"https:\/\/pixelsucht.net\/configurator-reloaded-photoshop-panel\/wp-json\/wp\/v2\/types\/page"}],"author":[{"embeddable":true,"href":"https:\/\/pixelsucht.net\/configurator-reloaded-photoshop-panel\/wp-json\/wp\/v2\/users\/1"}],"replies":[{"embeddable":true,"href":"https:\/\/pixelsucht.net\/configurator-reloaded-photoshop-panel\/wp-json\/wp\/v2\/comments?post=5604"}],"version-history":[{"count":0,"href":"https:\/\/pixelsucht.net\/configurator-reloaded-photoshop-panel\/wp-json\/wp\/v2\/pages\/5604\/revisions"}],"wp:attachment":[{"href":"https:\/\/pixelsucht.net\/configurator-reloaded-photoshop-panel\/wp-json\/wp\/v2\/media?parent=5604"}],"curies":[{"name":"wp","href":"https:\/\/api.w.org\/{rel}","templated":true}]}}