{"id":5443,"date":"2017-06-06T16:14:08","date_gmt":"2017-06-06T14:14:08","guid":{"rendered":"http:\/\/pixelsucht.net\/configurator-reloaded-photoshop-panel\/?page_id=5443"},"modified":"2020-01-03T17:23:46","modified_gmt":"2020-01-03T16:23:46","slug":"changelog-2","status":"publish","type":"page","link":"https:\/\/pixelsucht.net\/configurator-reloaded-photoshop-panel\/changelog-2\/","title":{"rendered":"Configurator Reloaded Changelog"},"content":{"rendered":"<p>[et_pb_section fb_built=&#8220;1&#8243; admin_label=&#8220;section&#8220; _builder_version=&#8220;3.22.3&#8243;][et_pb_row admin_label=&#8220;row&#8220; module_id=&#8220;languages&#8220; _builder_version=&#8220;3.25&#8243; background_size=&#8220;initial&#8220; background_position=&#8220;top_left&#8220; background_repeat=&#8220;repeat&#8220; locked=&#8220;off&#8220;][et_pb_column type=&#8220;4_4&#8243; _builder_version=&#8220;3.25&#8243; custom_padding=&#8220;|||&#8220; custom_padding__hover=&#8220;|||&#8220;][et_pb_text _builder_version=&#8220;4.0.9&#8243; background_size=&#8220;initial&#8220; background_position=&#8220;top_left&#8220; background_repeat=&#8220;repeat&#8220; hover_enabled=&#8220;0&#8243;]<\/p>\n<h2><strong>Version 1.9.0<\/strong><\/h2>\n<hr \/>\n<h3>Neue Funktionen<\/h3>\n<ul>\n<li>Werkzeuge und Men\u00fcbefehle von Photoshop 2020:\n<ul>\n<li>Das neue &#8222;Objektauswahl-Werkzeug&#8220;<\/li>\n<li>Befehl &#8222;Auswahl&#8220; &gt; &#8222;Motiv&#8220;<\/li>\n<li>Befehl &#8222;Datei&#8220; &gt; &#8222;Andere Schlie\u00dfen&#8220;<\/li>\n<li>Befehl &#8222;Ebene&#8220; &gt; &#8222;Smartobjekt&#8220; &gt; &#8222;In Ebenen konvertieren&#8220;<\/li>\n<\/ul>\n<\/li>\n<li>Die spanische \u00dcbersetzung wurde verbessert.<\/li>\n<\/ul>\n<p>[\/et_pb_text][et_pb_text _builder_version=&#8220;3.27.4&#8243; background_size=&#8220;initial&#8220; background_position=&#8220;top_left&#8220; background_repeat=&#8220;repeat&#8220;]<\/p>\n<h2><strong>Version 1.8.1<\/strong><\/h2>\n<hr \/>\n<h3>Fehlerbehebungen<\/h3>\n<ul>\n<li>Aktionen\/Aktionsgruppen werden nun korrekt geladen, wenn sie Sonderzeichen beinhalten.<\/li>\n<\/ul>\n<p>[\/et_pb_text][\/et_pb_column][\/et_pb_row][et_pb_row admin_label=&#8220;row&#8220; module_id=&#8220;languages&#8220; _builder_version=&#8220;3.25&#8243; background_size=&#8220;initial&#8220; background_position=&#8220;top_left&#8220; background_repeat=&#8220;repeat&#8220; locked=&#8220;off&#8220;][et_pb_column type=&#8220;4_4&#8243; _builder_version=&#8220;3.25&#8243; custom_padding=&#8220;|||&#8220; custom_padding__hover=&#8220;|||&#8220;][et_pb_text _builder_version=&#8220;3.27.4&#8243; background_size=&#8220;initial&#8220; background_position=&#8220;top_left&#8220; background_repeat=&#8220;repeat&#8220;]<\/p>\n<h2><strong>Version 1.8<\/strong><\/h2>\n<hr \/>\n<h3>Neue Funktionen<\/h3>\n<ul>\n<li>\n<div><b>Mit Hilfe der Community wurde Configurator Reloaded neben Deutsch und Englisch in folgende Sprachen \u00fcbersetzt<\/b><\/div>\n<ul>\n<li>\u00a0Franz\u00f6sisch<\/li>\n<li>\u00a0Spanisch<\/li>\n<li>Italienisch<\/li>\n<\/ul>\n<ul>\n<li>Portugiesisch<\/li>\n<li>Chinesisch (vereinfacht und traditionell)<\/li>\n<li>Niederl\u00e4ndisch<\/li>\n<li>Ungarisch<\/li>\n<li>Polnisch<\/li>\n<\/ul>\n<\/li>\n<li>Je nach eingestellter Photoshop-Sprache wird die entsprechende Sprache geladen.<\/li>\n<\/ul>\n<p>[\/et_pb_text][\/et_pb_column][\/et_pb_row][et_pb_row admin_label=&#8220;row&#8220; _builder_version=&#8220;3.25&#8243; background_size=&#8220;initial&#8220; background_position=&#8220;top_left&#8220; background_repeat=&#8220;repeat&#8220;][et_pb_column type=&#8220;4_4&#8243; _builder_version=&#8220;3.25&#8243; custom_padding=&#8220;|||&#8220; custom_padding__hover=&#8220;|||&#8220;][et_pb_text _builder_version=&#8220;3.27.4&#8243; background_size=&#8220;initial&#8220; background_position=&#8220;top_left&#8220; background_repeat=&#8220;repeat&#8220; border_style=&#8220;solid&#8220;]<\/p>\n<h2><strong>Version 1.7<\/strong><\/h2>\n<hr \/>\n<h3>Neue Funktionen<\/h3>\n<ul>\n<li>Version 1.7 beinhaltet\u00a0 Werkzeuge und Kommandos die mit Photoshop CC 2019 neu dazugekommen sind. Diese sind:\n<ul>\n<li>Das neue &#8222;Rahmen-Werkzeug&#8220;<\/li>\n<li>Befehl &#8222;Bearbeiten&#8220; &gt; &#8222;Inhaltsbasierte F\u00fcllung&#8220;<\/li>\n<li>Befehl &#8222;Ansicht&#8220; &gt; &#8222;Horizontal spiegeln&#8220;<\/li>\n<\/ul>\n<\/li>\n<\/ul>\n<p>[\/et_pb_text][\/et_pb_column][\/et_pb_row][et_pb_row admin_label=&#8220;row&#8220; _builder_version=&#8220;3.25&#8243; background_size=&#8220;initial&#8220; background_position=&#8220;top_left&#8220; background_repeat=&#8220;repeat&#8220;][et_pb_column type=&#8220;4_4&#8243; _builder_version=&#8220;3.25&#8243; custom_padding=&#8220;|||&#8220; custom_padding__hover=&#8220;|||&#8220;][et_pb_text _builder_version=&#8220;3.27.4&#8243; background_size=&#8220;initial&#8220; background_position=&#8220;top_left&#8220; background_repeat=&#8220;repeat&#8220; border_style=&#8220;solid&#8220;]<\/p>\n<h2><strong>Version 1.6<\/strong><\/h2>\n<hr \/>\n<h3>Neue Funktionen<\/h3>\n<ul>\n<li>Es k\u00f6nnen jetzt bis zu drei Panels ge\u00f6ffnet werden\n<ul>\n<li>An verschiedene Bereiche andockbar<\/li>\n<li>Der Name der Panels kann ge\u00e4ndert werden (Beim ersten Anruf oder sp\u00e4ter im Panel-Men\u00fc unter &#8222;Panel umbenennen&#8220;)<\/li>\n<li>Alle Einstellungen (Erscheinungsbild, Tooltips, etc.) funktionieren separat f\u00fcr jedes Panel<\/li>\n<\/ul>\n<\/li>\n<\/ul>\n<p><img loading=\"lazy\" decoding=\"async\" class=\"size-full wp-image-6511 alignnone\" src=\"https:\/\/pixelsucht.net\/configurator-reloaded-photoshop-panel\/wp-content\/uploads\/2018\/09\/new-panels-1.gif\" alt=\"\" width=\"600\" height=\"482\" \/><\/p>\n<ul>\n<li>Die Dropdown-Liste f\u00fcr Arbeitsbereiche, Container-Namen und das SlideIn k\u00f6nnen nun ausgeblendet werden, um Platz zu sparen<\/li>\n<\/ul>\n<p><img loading=\"lazy\" decoding=\"async\" class=\"size-full wp-image-6512 alignnone\" src=\"https:\/\/pixelsucht.net\/configurator-reloaded-photoshop-panel\/wp-content\/uploads\/2018\/09\/ausblenden2-1.gif\" alt=\"\" width=\"596\" height=\"605\" \/><br \/>\n[\/et_pb_text][\/et_pb_column][\/et_pb_row][et_pb_row admin_label=&#8220;row&#8220; _builder_version=&#8220;3.25&#8243; background_size=&#8220;initial&#8220; background_position=&#8220;top_left&#8220; background_repeat=&#8220;repeat&#8220;][et_pb_column type=&#8220;4_4&#8243; _builder_version=&#8220;3.25&#8243; custom_padding=&#8220;|||&#8220; custom_padding__hover=&#8220;|||&#8220;][et_pb_text _builder_version=&#8220;3.27.4&#8243; background_size=&#8220;initial&#8220; background_position=&#8220;top_left&#8220; background_repeat=&#8220;repeat&#8220; border_style=&#8220;solid&#8220;]<\/p>\n<h2><strong>Version 1.5<\/strong><\/h2>\n<hr \/>\n<h3>Neue Funktionen<\/h3>\n<ul>\n<li>Im Panel-Men\u00fc gibt es jetzt deinen neuen Eintrag &#8222;Buttons sperren&#8220;. Ist dies aktiviert, k\u00f6nnen Buttons innerhalb eines Containers nicht mehr per Drag&amp;Drop angeordnet werden. Dies soll versehentliches \u00c4ndern vorbeugen. Mit aktiviertem &#8222;Buttons sperren&#8220; ist es weiterhin m\u00f6glich neue Buttons vom SlideIn hinzuzuf\u00fcgen und Buttons zwischen verschiedenen Containern zu verschieben.<\/li>\n<li>Bei einem Mouseover \u00fcber Werkzeug-Buttons wird der Name des Werkzeugs angezeigt<\/li>\n<li>Bei einem Mouseover \u00fcber einem Button mit abgeschnittenem Text wird der vollst\u00e4ndige Text als Tooltip angezeigt<\/li>\n<li>Im Panel-Men\u00fc gibt es einen neuen Eintrag &#8222;Einstellungen&#8220;, in dem die verschiedenen Tooltips aktiviert\/deaktiviert werden k\u00f6nnen<\/li>\n<li>Verf\u00fcgbare Updates werden jetzt direkt in Photoshop beim Panel-Start angezeigt<\/li>\n<\/ul>\n<p>[\/et_pb_text][\/et_pb_column][\/et_pb_row][et_pb_row admin_label=&#8220;row&#8220; _builder_version=&#8220;3.25&#8243; background_size=&#8220;initial&#8220; background_position=&#8220;top_left&#8220; background_repeat=&#8220;repeat&#8220;][et_pb_column type=&#8220;4_4&#8243; _builder_version=&#8220;3.25&#8243; custom_padding=&#8220;|||&#8220; custom_padding__hover=&#8220;|||&#8220;][et_pb_text _builder_version=&#8220;3.27.4&#8243; background_size=&#8220;initial&#8220; background_position=&#8220;top_left&#8220; background_repeat=&#8220;repeat&#8220; border_style=&#8220;solid&#8220;]<\/p>\n<h2><strong>Version 1.4<\/strong><\/h2>\n<hr \/>\n<h3>Neue Funktionen<\/h3>\n<ul>\n<li>Optionen zum \u00c4ndern des Erscheinungsbildes (Button-Breite, Textgr\u00f6\u00dfe Buttons, Textgr\u00f6\u00dfe Container, vertikaler Abstand Buttons, horizontaler Abstand Buttons)<\/li>\n<li>Rundungszeichenstift-Werkzeug hinzugef\u00fcgt<\/li>\n<\/ul>\n<p><img loading=\"lazy\" decoding=\"async\" class=\"alignnone size-full wp-image-6021\" src=\"https:\/\/pixelsucht.net\/configurator-reloaded-photoshop-panel\/wp-content\/uploads\/2017\/12\/appearance.gif\" alt=\"\" width=\"600\" height=\"366\" \/><\/p>\n<p>&nbsp;<\/p>\n<h3>Fehlerbehebungen<\/h3>\n<ul>\n<li>Ein Problem beim Erzeugen von Pinsel-Thumbnails unter Windows und CC 2018 wurde behoben<\/li>\n<li>Ein Fehler wurde behoben, bei dem &#8222;Fenster&gt; Bibliotheken&#8220; nicht funktionierte<\/li>\n<li>Der Fehler &#8222;Failed to load data.json&#8220; beim ersten Start wurde behoben<\/li>\n<li>&#8222;Beleuchtungseffekte&#8220; und &#8222;Blendenflecke&#8220; werden nicht mehr in &#8222;Scharfzeichnungsfilter&#8220; aufgelistet<\/li>\n<\/ul>\n<p>[\/et_pb_text][\/et_pb_column][\/et_pb_row][et_pb_row admin_label=&#8220;row&#8220; _builder_version=&#8220;3.25&#8243; background_size=&#8220;initial&#8220; background_position=&#8220;top_left&#8220; background_repeat=&#8220;repeat&#8220;][et_pb_column type=&#8220;4_4&#8243; _builder_version=&#8220;3.25&#8243; custom_padding=&#8220;|||&#8220; custom_padding__hover=&#8220;|||&#8220;][et_pb_text _builder_version=&#8220;3.27.4&#8243; background_size=&#8220;initial&#8220; background_position=&#8220;top_left&#8220; background_repeat=&#8220;repeat&#8220; border_style=&#8220;solid&#8220;]<\/p>\n<h2><strong>Version 1.3<\/strong><\/h2>\n<hr \/>\n<h3>Neue Funktionen<\/h3>\n<ul>\n<li>Unterst\u00fctzung f\u00fcr die kommende Photoshop-Version<\/li>\n<li>Kleinere Fehlerbehebungen<\/li>\n<\/ul>\n<p>[\/et_pb_text][\/et_pb_column][\/et_pb_row][et_pb_row admin_label=&#8220;row&#8220; _builder_version=&#8220;3.25&#8243; background_size=&#8220;initial&#8220; background_position=&#8220;top_left&#8220; background_repeat=&#8220;repeat&#8220;][et_pb_column type=&#8220;4_4&#8243; _builder_version=&#8220;3.25&#8243; custom_padding=&#8220;|||&#8220; custom_padding__hover=&#8220;|||&#8220;][et_pb_text _builder_version=&#8220;3.27.4&#8243; background_size=&#8220;initial&#8220; background_position=&#8220;top_left&#8220; background_repeat=&#8220;repeat&#8220; border_style=&#8220;solid&#8220;]<\/p>\n<h2><strong>Version 1.2<\/strong><\/h2>\n<hr \/>\n<h3>Neue Funktionen<\/h3>\n<ul>\n<li>Neuer Container &#8222;Pinsel-Container&#8220;<\/li>\n<li>Hinzuf\u00fcgen von Pinseln zu einem Pinsel-Container erzeugt eine Vorschau. Bei einem Mouseover dieses Thumbnails wird der Pinselstrich angezeigt.<br \/>\n<img loading=\"lazy\" decoding=\"async\" class=\"wp-image-5812 alignnone size-full\" src=\"https:\/\/pixelsucht.net\/configurator-reloaded-photoshop-panel\/wp-content\/uploads\/2017\/09\/brushThumbnails.gif\" alt=\"\" width=\"561\" height=\"499\" \/><\/li>\n<li>Container werden nun mit einem einfachen Klick (statt Doppelklick) zu\/aufgeklappt<\/li>\n<li>Der zuletzt verwendete Arbeitsbereich wird jetzt bei einem Neustart von Photoshop geladen<\/li>\n<\/ul>\n<h3><\/h3>\n<h3>Fehlerbehebungen<\/h3>\n<ul>\n<li>Ein Fehler wurde behoben bei dem das Inhaltsbasiert verschieben-Werkzeug nicht funktionierte<\/li>\n<li>Ein Fehler wurde behoben bei dem der Befehl &#8222;Verwacklung reduzieren&#8220; nicht funktionierte wie erwartet<\/li>\n<li>Ein Fehler wurde behoben bei dem der Befehl &#8222;Photomerge&#8220; nicht funktionierte wie erwartet<\/li>\n<li>Drag &amp; Drop-Verbesserungen<\/li>\n<li>Kleinere Text-Korrekturen<\/li>\n<\/ul>\n<p>[\/et_pb_text][\/et_pb_column][\/et_pb_row][et_pb_row admin_label=&#8220;row&#8220; _builder_version=&#8220;3.25&#8243; background_size=&#8220;initial&#8220; background_position=&#8220;top_left&#8220; background_repeat=&#8220;repeat&#8220;][et_pb_column type=&#8220;4_4&#8243; _builder_version=&#8220;3.25&#8243; custom_padding=&#8220;|||&#8220; custom_padding__hover=&#8220;|||&#8220;][et_pb_text _builder_version=&#8220;3.27.4&#8243; background_size=&#8220;initial&#8220; background_position=&#8220;top_left&#8220; background_repeat=&#8220;repeat&#8220; border_style=&#8220;solid&#8220;]<\/p>\n<h2><strong>Version 1.1<\/strong><\/h2>\n<hr \/>\n<h3>Neue Funktionen<\/h3>\n<ul>\n<li>Arbeitsbereich(e) exportieren\/importieren (Im Bedienfeldmen\u00fc des Panels)<\/li>\n<li>Neue\u00a0Befehle:\n<ul>\n<li>Pinselvorgaben<\/li>\n<li>Werkzeugvorgaben<\/li>\n<li>Unter\u00a0&#8222;Zus\u00e4tzliche\u00a0Befehle&#8220;:\n<ul>\n<li>Nik Collection<\/li>\n<li>Topaz Labs<\/li>\n<\/ul>\n<\/li>\n<li>Unter &#8222;Zus\u00e4tzliche\u00a0Befehle&#8220; &gt; &#8222;Weitere Befehle&#8220;:\n<ul>\n<li>Vorder- und Hintergrundfarbe vertauschen<\/li>\n<li>Standardfarben f\u00fcr Vordergrund und Hintergrund<\/li>\n<\/ul>\n<\/li>\n<li>Unter &#8222;Men\u00fcleiste&#8220; &gt; &#8222;Datei&#8220;\n<ul>\n<li>Speichern<\/li>\n<li>Speichern unter<\/li>\n<\/ul>\n<\/li>\n<li>Unter &#8222;Men\u00fcleiste&#8220; &gt; &#8222;Datei&#8220; &gt; &#8222;Letzte Dateien \u00f6ffnen&#8220; &gt; &#8222;Liste der letzten Dateien l\u00f6schen&#8220;<\/li>\n<li>Unter &#8222;Men\u00fcleiste&#8220; &gt; &#8222;Ansicht&#8220;\n<ul>\n<li>Ganzes Bild<\/li>\n<\/ul>\n<\/li>\n<\/ul>\n<\/li>\n<li>Reload-Buttons um Aktionen, Pinselvorgaben und Werkzeugvorgaben neu zu laden (Hilfreich wenn z.B. eine Aktion aufgezeichnet und in der selben Photoshop-Session dem Panel hinzugef\u00fcgt werden soll)<\/li>\n<li>Beim Umbennenen von Arbeitsbereichen\/Buttons\/Container wird der alte Name angezeigt<\/li>\n<\/ul>\n<h3><\/h3>\n<h3>Fehlerbehebungen<\/h3>\n<ul>\n<li>Ein Fehler wurde behoben wo der Befehl &#8222;Auf Hintergrundebene reduzieren&#8220; unter &#8222;Men\u00fcleiste&#8220; &gt; &#8222;Ebene&#8220; nicht sichtbar war<\/li>\n<li>Ein Fehler wurde behoben bei dem ein &#8222;EvalScript Error&#8220; ausgegeben wurde, wenn ein Set- oder Aktionsname &#8220; oder &#8218; beinhaltete<\/li>\n<li>Ein Fehler wurde behoben bei dem sich der Befehl &#8222;Rastern&#8220; unter &#8222;Men\u00fcleiste&#8220; &gt; &#8222;Ebene&#8220; &gt; &#8222;Smartobjekte&#8220; nicht in die Container ziehen lie\u00df<\/li>\n<li>Ein Fehler wurde behoben bei dem &#8222;Rastern&#8220; unter &#8222;Men\u00fcleiste&#8220; &gt; &#8222;Ebene&#8220; nicht angezeigt wurde<\/li>\n<\/ul>\n<p>[\/et_pb_text][\/et_pb_column][\/et_pb_row][\/et_pb_section]<\/p>\n","protected":false},"excerpt":{"rendered":"<p>Version 1.9.0 Neue Funktionen Werkzeuge und Men\u00fcbefehle von Photoshop 2020: Das neue &#8222;Objektauswahl-Werkzeug&#8220; Befehl &#8222;Auswahl&#8220; &gt; &#8222;Motiv&#8220; Befehl &#8222;Datei&#8220; &gt; &#8222;Andere Schlie\u00dfen&#8220; Befehl &#8222;Ebene&#8220; &gt; &#8222;Smartobjekt&#8220; &gt; &#8222;In Ebenen konvertieren&#8220; Die spanische \u00dcbersetzung wurde verbessert. Version 1.8.1 Fehlerbehebungen Aktionen\/Aktionsgruppen werden nun korrekt geladen, wenn sie Sonderzeichen beinhalten. Version 1.8 Neue Funktionen Mit Hilfe der Community [&hellip;]<\/p>\n","protected":false},"author":1,"featured_media":0,"parent":0,"menu_order":0,"comment_status":"closed","ping_status":"closed","template":"page-template-blank.php","meta":{"_bbp_topic_count":0,"_bbp_reply_count":0,"_bbp_total_topic_count":0,"_bbp_total_reply_count":0,"_bbp_voice_count":0,"_bbp_anonymous_reply_count":0,"_bbp_topic_count_hidden":0,"_bbp_reply_count_hidden":0,"_bbp_forum_subforum_count":0,"_et_pb_use_builder":"on","_et_pb_old_content":"","_et_gb_content_width":"","inline_featured_image":false,"_monsterinsights_skip_tracking":false,"_monsterinsights_sitenote_active":false,"_monsterinsights_sitenote_note":"","_monsterinsights_sitenote_category":0,"footnotes":""},"class_list":["post-5443","page","type-page","status-publish","hentry"],"yoast_head":"<!-- This site is optimized with the Yoast SEO plugin v27.3 - https:\/\/yoast.com\/product\/yoast-seo-wordpress\/ -->\n<title>Configurator Reloaded Changelog - Configurator Reloaded \u2013 Photoshop Panel<\/title>\n<meta name=\"robots\" content=\"index, follow, max-snippet:-1, max-image-preview:large, max-video-preview:-1\" \/>\n<link rel=\"canonical\" href=\"https:\/\/pixelsucht.net\/configurator-reloaded-photoshop-panel\/changelog-2\/\" \/>\n<meta property=\"og:locale\" content=\"de_DE\" \/>\n<meta property=\"og:type\" content=\"article\" \/>\n<meta property=\"og:title\" content=\"Configurator Reloaded Changelog - Configurator Reloaded \u2013 Photoshop Panel\" \/>\n<meta property=\"og:description\" content=\"Version 1.9.0 Neue Funktionen Werkzeuge und Men\u00fcbefehle von Photoshop 2020: Das neue &quot;Objektauswahl-Werkzeug&quot; Befehl &quot;Auswahl&quot; &gt; &quot;Motiv&quot; Befehl &quot;Datei&quot; &gt; &quot;Andere Schlie\u00dfen&quot; Befehl &quot;Ebene&quot; &gt; &quot;Smartobjekt&quot; &gt; &quot;In Ebenen konvertieren&quot; Die spanische \u00dcbersetzung wurde verbessert. Version 1.8.1 Fehlerbehebungen Aktionen\/Aktionsgruppen werden nun korrekt geladen, wenn sie Sonderzeichen beinhalten. Version 1.8 Neue Funktionen Mit Hilfe der Community [&hellip;]\" \/>\n<meta property=\"og:url\" content=\"https:\/\/pixelsucht.net\/configurator-reloaded-photoshop-panel\/changelog-2\/\" \/>\n<meta property=\"og:site_name\" content=\"Configurator Reloaded \u2013 Photoshop Panel\" \/>\n<meta property=\"article:modified_time\" content=\"2020-01-03T16:23:46+00:00\" \/>\n<meta property=\"og:image\" content=\"https:\/\/pixelsucht.net\/configurator-reloaded-photoshop-panel\/wp-content\/uploads\/2018\/09\/new-panels-1.gif\" \/>\n<meta name=\"twitter:card\" content=\"summary_large_image\" \/>\n<meta name=\"twitter:label1\" content=\"Gesch\u00e4tzte Lesezeit\" \/>\n\t<meta name=\"twitter:data1\" content=\"6\u00a0Minuten\" \/>\n<script type=\"application\/ld+json\" class=\"yoast-schema-graph\">{\"@context\":\"https:\\\/\\\/schema.org\",\"@graph\":[{\"@type\":\"WebPage\",\"@id\":\"https:\\\/\\\/pixelsucht.net\\\/configurator-reloaded-photoshop-panel\\\/changelog-2\\\/\",\"url\":\"https:\\\/\\\/pixelsucht.net\\\/configurator-reloaded-photoshop-panel\\\/changelog-2\\\/\",\"name\":\"Configurator Reloaded Changelog - Configurator Reloaded \u2013 Photoshop Panel\",\"isPartOf\":{\"@id\":\"https:\\\/\\\/pixelsucht.net\\\/configurator-reloaded-photoshop-panel\\\/#website\"},\"primaryImageOfPage\":{\"@id\":\"https:\\\/\\\/pixelsucht.net\\\/configurator-reloaded-photoshop-panel\\\/changelog-2\\\/#primaryimage\"},\"image\":{\"@id\":\"https:\\\/\\\/pixelsucht.net\\\/configurator-reloaded-photoshop-panel\\\/changelog-2\\\/#primaryimage\"},\"thumbnailUrl\":\"https:\\\/\\\/pixelsucht.net\\\/configurator-reloaded-photoshop-panel\\\/wp-content\\\/uploads\\\/2018\\\/09\\\/new-panels-1.gif\",\"datePublished\":\"2017-06-06T14:14:08+00:00\",\"dateModified\":\"2020-01-03T16:23:46+00:00\",\"breadcrumb\":{\"@id\":\"https:\\\/\\\/pixelsucht.net\\\/configurator-reloaded-photoshop-panel\\\/changelog-2\\\/#breadcrumb\"},\"inLanguage\":\"de\",\"potentialAction\":[{\"@type\":\"ReadAction\",\"target\":[\"https:\\\/\\\/pixelsucht.net\\\/configurator-reloaded-photoshop-panel\\\/changelog-2\\\/\"]}]},{\"@type\":\"ImageObject\",\"inLanguage\":\"de\",\"@id\":\"https:\\\/\\\/pixelsucht.net\\\/configurator-reloaded-photoshop-panel\\\/changelog-2\\\/#primaryimage\",\"url\":\"https:\\\/\\\/pixelsucht.net\\\/configurator-reloaded-photoshop-panel\\\/wp-content\\\/uploads\\\/2018\\\/09\\\/new-panels-1.gif\",\"contentUrl\":\"https:\\\/\\\/pixelsucht.net\\\/configurator-reloaded-photoshop-panel\\\/wp-content\\\/uploads\\\/2018\\\/09\\\/new-panels-1.gif\",\"width\":600,\"height\":482},{\"@type\":\"BreadcrumbList\",\"@id\":\"https:\\\/\\\/pixelsucht.net\\\/configurator-reloaded-photoshop-panel\\\/changelog-2\\\/#breadcrumb\",\"itemListElement\":[{\"@type\":\"ListItem\",\"position\":1,\"name\":\"Startseite\",\"item\":\"https:\\\/\\\/pixelsucht.net\\\/configurator-reloaded-photoshop-panel\\\/\"},{\"@type\":\"ListItem\",\"position\":2,\"name\":\"Configurator Reloaded Changelog\"}]},{\"@type\":\"WebSite\",\"@id\":\"https:\\\/\\\/pixelsucht.net\\\/configurator-reloaded-photoshop-panel\\\/#website\",\"url\":\"https:\\\/\\\/pixelsucht.net\\\/configurator-reloaded-photoshop-panel\\\/\",\"name\":\"Configurator Reloaded \u2013 Photoshop Panel\",\"description\":\"Create your own panels for Photoshop CC.\",\"potentialAction\":[{\"@type\":\"SearchAction\",\"target\":{\"@type\":\"EntryPoint\",\"urlTemplate\":\"https:\\\/\\\/pixelsucht.net\\\/configurator-reloaded-photoshop-panel\\\/?s={search_term_string}\"},\"query-input\":{\"@type\":\"PropertyValueSpecification\",\"valueRequired\":true,\"valueName\":\"search_term_string\"}}],\"inLanguage\":\"de\"}]}<\/script>\n<!-- \/ Yoast SEO plugin. -->","yoast_head_json":{"title":"Configurator Reloaded Changelog - Configurator Reloaded \u2013 Photoshop Panel","robots":{"index":"index","follow":"follow","max-snippet":"max-snippet:-1","max-image-preview":"max-image-preview:large","max-video-preview":"max-video-preview:-1"},"canonical":"https:\/\/pixelsucht.net\/configurator-reloaded-photoshop-panel\/changelog-2\/","og_locale":"de_DE","og_type":"article","og_title":"Configurator Reloaded Changelog - Configurator Reloaded \u2013 Photoshop Panel","og_description":"Version 1.9.0 Neue Funktionen Werkzeuge und Men\u00fcbefehle von Photoshop 2020: Das neue \"Objektauswahl-Werkzeug\" Befehl \"Auswahl\" &gt; \"Motiv\" Befehl \"Datei\" &gt; \"Andere Schlie\u00dfen\" Befehl \"Ebene\" &gt; \"Smartobjekt\" &gt; \"In Ebenen konvertieren\" Die spanische \u00dcbersetzung wurde verbessert. Version 1.8.1 Fehlerbehebungen Aktionen\/Aktionsgruppen werden nun korrekt geladen, wenn sie Sonderzeichen beinhalten. Version 1.8 Neue Funktionen Mit Hilfe der Community [&hellip;]","og_url":"https:\/\/pixelsucht.net\/configurator-reloaded-photoshop-panel\/changelog-2\/","og_site_name":"Configurator Reloaded \u2013 Photoshop Panel","article_modified_time":"2020-01-03T16:23:46+00:00","og_image":[{"url":"https:\/\/pixelsucht.net\/configurator-reloaded-photoshop-panel\/wp-content\/uploads\/2018\/09\/new-panels-1.gif","type":"","width":"","height":""}],"twitter_card":"summary_large_image","twitter_misc":{"Gesch\u00e4tzte Lesezeit":"6\u00a0Minuten"},"schema":{"@context":"https:\/\/schema.org","@graph":[{"@type":"WebPage","@id":"https:\/\/pixelsucht.net\/configurator-reloaded-photoshop-panel\/changelog-2\/","url":"https:\/\/pixelsucht.net\/configurator-reloaded-photoshop-panel\/changelog-2\/","name":"Configurator Reloaded Changelog - Configurator Reloaded \u2013 Photoshop Panel","isPartOf":{"@id":"https:\/\/pixelsucht.net\/configurator-reloaded-photoshop-panel\/#website"},"primaryImageOfPage":{"@id":"https:\/\/pixelsucht.net\/configurator-reloaded-photoshop-panel\/changelog-2\/#primaryimage"},"image":{"@id":"https:\/\/pixelsucht.net\/configurator-reloaded-photoshop-panel\/changelog-2\/#primaryimage"},"thumbnailUrl":"https:\/\/pixelsucht.net\/configurator-reloaded-photoshop-panel\/wp-content\/uploads\/2018\/09\/new-panels-1.gif","datePublished":"2017-06-06T14:14:08+00:00","dateModified":"2020-01-03T16:23:46+00:00","breadcrumb":{"@id":"https:\/\/pixelsucht.net\/configurator-reloaded-photoshop-panel\/changelog-2\/#breadcrumb"},"inLanguage":"de","potentialAction":[{"@type":"ReadAction","target":["https:\/\/pixelsucht.net\/configurator-reloaded-photoshop-panel\/changelog-2\/"]}]},{"@type":"ImageObject","inLanguage":"de","@id":"https:\/\/pixelsucht.net\/configurator-reloaded-photoshop-panel\/changelog-2\/#primaryimage","url":"https:\/\/pixelsucht.net\/configurator-reloaded-photoshop-panel\/wp-content\/uploads\/2018\/09\/new-panels-1.gif","contentUrl":"https:\/\/pixelsucht.net\/configurator-reloaded-photoshop-panel\/wp-content\/uploads\/2018\/09\/new-panels-1.gif","width":600,"height":482},{"@type":"BreadcrumbList","@id":"https:\/\/pixelsucht.net\/configurator-reloaded-photoshop-panel\/changelog-2\/#breadcrumb","itemListElement":[{"@type":"ListItem","position":1,"name":"Startseite","item":"https:\/\/pixelsucht.net\/configurator-reloaded-photoshop-panel\/"},{"@type":"ListItem","position":2,"name":"Configurator Reloaded Changelog"}]},{"@type":"WebSite","@id":"https:\/\/pixelsucht.net\/configurator-reloaded-photoshop-panel\/#website","url":"https:\/\/pixelsucht.net\/configurator-reloaded-photoshop-panel\/","name":"Configurator Reloaded \u2013 Photoshop Panel","description":"Create your own panels for Photoshop CC.","potentialAction":[{"@type":"SearchAction","target":{"@type":"EntryPoint","urlTemplate":"https:\/\/pixelsucht.net\/configurator-reloaded-photoshop-panel\/?s={search_term_string}"},"query-input":{"@type":"PropertyValueSpecification","valueRequired":true,"valueName":"search_term_string"}}],"inLanguage":"de"}]}},"_links":{"self":[{"href":"https:\/\/pixelsucht.net\/configurator-reloaded-photoshop-panel\/wp-json\/wp\/v2\/pages\/5443","targetHints":{"allow":["GET"]}}],"collection":[{"href":"https:\/\/pixelsucht.net\/configurator-reloaded-photoshop-panel\/wp-json\/wp\/v2\/pages"}],"about":[{"href":"https:\/\/pixelsucht.net\/configurator-reloaded-photoshop-panel\/wp-json\/wp\/v2\/types\/page"}],"author":[{"embeddable":true,"href":"https:\/\/pixelsucht.net\/configurator-reloaded-photoshop-panel\/wp-json\/wp\/v2\/users\/1"}],"replies":[{"embeddable":true,"href":"https:\/\/pixelsucht.net\/configurator-reloaded-photoshop-panel\/wp-json\/wp\/v2\/comments?post=5443"}],"version-history":[{"count":0,"href":"https:\/\/pixelsucht.net\/configurator-reloaded-photoshop-panel\/wp-json\/wp\/v2\/pages\/5443\/revisions"}],"wp:attachment":[{"href":"https:\/\/pixelsucht.net\/configurator-reloaded-photoshop-panel\/wp-json\/wp\/v2\/media?parent=5443"}],"curies":[{"name":"wp","href":"https:\/\/api.w.org\/{rel}","templated":true}]}}