{"id":6219,"date":"2018-06-05T09:57:05","date_gmt":"2018-06-05T07:57:05","guid":{"rendered":"https:\/\/pixelsucht.net\/configurator-reloaded-indesign-panel\/?page_id=6219"},"modified":"2018-06-05T10:02:02","modified_gmt":"2018-06-05T08:02:02","slug":"changelog","status":"publish","type":"page","link":"https:\/\/pixelsucht.net\/configurator-reloaded-indesign-panel\/de\/changelog\/","title":{"rendered":"Changelog"},"content":{"rendered":"<p>[et_pb_section bb_built=&#8220;1&#8243; admin_label=&#8220;section&#8220; _builder_version=&#8220;3.0.47&#8243;][et_pb_row admin_label=&#8220;row&#8220; _builder_version=&#8220;3.0.47&#8243; background_size=&#8220;initial&#8220; background_position=&#8220;top_left&#8220; background_repeat=&#8220;repeat&#8220;][et_pb_column type=&#8220;4_4&#8243;][et_pb_text _builder_version=&#8220;3.5.1&#8243; background_size=&#8220;initial&#8220; background_position=&#8220;top_left&#8220; background_repeat=&#8220;repeat&#8220; border_style=&#8220;solid&#8220;]<\/p>\n<h2><strong>Version 1.1<\/strong><\/h2>\n<hr \/>\n<h3>Neue Funktionen<\/h3>\n<ul>\n<li>Im Panel-Men\u00fc gibt es jetzt deinen neuen Eintrag &#8222;Buttons sperren&#8220;. Ist dies aktiviert, k\u00f6nnen Buttons innerhalb eines Containers nicht mehr per Drag&amp;Drop angeordnet werden. Dies soll versehentliches \u00c4ndern vorbeugen. Mit aktiviertem &#8222;Buttons sperren&#8220; ist es weiterhin m\u00f6glich neue Buttons vom SlideIn hinzuzuf\u00fcgen und Buttons zwischen verschiedenen Containern zu verschieben.<\/li>\n<li>Bei einem Mouseover \u00fcber Werkzeug-Buttons wird der Name des Werkzeugs angezeigt<\/li>\n<li>Bei einem Mouseover \u00fcber einem Button mit abgeschnittenem Text wird der vollst\u00e4ndige Text als Tooltip angezeigt<\/li>\n<li>Im Panel-Men\u00fc gibt es einen neuen Eintrag &#8222;Einstellungen&#8220;, in dem die verschiedenen Tooltips aktiviert\/deaktiviert werden k\u00f6nnen<\/li>\n<\/ul>\n<h3><\/h3>\n<h3>Fehlerbehebungen<\/h3>\n<ul>\n<li>Ein Fehler wurde behoben, bei dem benutzerdefinierte Skripts unter Windows nicht funktionierten<\/li>\n<\/ul>\n<p>[\/et_pb_text][\/et_pb_column][\/et_pb_row][\/et_pb_section]<\/p>\n","protected":false},"excerpt":{"rendered":"<p>Version 1.1 Neue Funktionen Im Panel-Men\u00fc gibt es jetzt deinen neuen Eintrag &#8222;Buttons sperren&#8220;. Ist dies aktiviert, k\u00f6nnen Buttons innerhalb eines Containers nicht mehr per Drag&amp;Drop angeordnet werden. Dies soll versehentliches \u00c4ndern vorbeugen. Mit aktiviertem &#8222;Buttons sperren&#8220; ist es weiterhin m\u00f6glich neue Buttons vom SlideIn hinzuzuf\u00fcgen und Buttons zwischen verschiedenen Containern zu verschieben. Bei einem [&hellip;]<\/p>\n","protected":false},"author":1,"featured_media":0,"parent":0,"menu_order":0,"comment_status":"closed","ping_status":"closed","template":"page-template-blank.php","meta":{"_bbp_topic_count":0,"_bbp_reply_count":0,"_bbp_total_topic_count":0,"_bbp_total_reply_count":0,"_bbp_voice_count":0,"_bbp_anonymous_reply_count":0,"_bbp_topic_count_hidden":0,"_bbp_reply_count_hidden":0,"_bbp_forum_subforum_count":0,"_et_pb_use_builder":"on","_et_pb_old_content":"","_et_gb_content_width":"","inline_featured_image":false,"footnotes":""},"class_list":["post-6219","page","type-page","status-publish","hentry"],"yoast_head":"<!-- This site is optimized with the Yoast SEO plugin v27.3 - https:\/\/yoast.com\/product\/yoast-seo-wordpress\/ -->\n<title>Changelog - Configurator Reloaded \u2013 InDesign Panel<\/title>\n<meta name=\"robots\" content=\"index, follow, max-snippet:-1, max-image-preview:large, max-video-preview:-1\" \/>\n<link rel=\"canonical\" href=\"https:\/\/pixelsucht.net\/configurator-reloaded-indesign-panel\/de\/changelog\/\" \/>\n<meta property=\"og:locale\" content=\"de_DE\" \/>\n<meta property=\"og:type\" content=\"article\" \/>\n<meta property=\"og:title\" content=\"Changelog - Configurator Reloaded \u2013 InDesign Panel\" \/>\n<meta property=\"og:description\" content=\"Version 1.1 Neue Funktionen Im Panel-Men\u00fc gibt es jetzt deinen neuen Eintrag &quot;Buttons sperren&quot;. Ist dies aktiviert, k\u00f6nnen Buttons innerhalb eines Containers nicht mehr per Drag&amp;Drop angeordnet werden. Dies soll versehentliches \u00c4ndern vorbeugen. Mit aktiviertem &quot;Buttons sperren&quot; ist es weiterhin m\u00f6glich neue Buttons vom SlideIn hinzuzuf\u00fcgen und Buttons zwischen verschiedenen Containern zu verschieben. Bei einem [&hellip;]\" \/>\n<meta property=\"og:url\" content=\"https:\/\/pixelsucht.net\/configurator-reloaded-indesign-panel\/de\/changelog\/\" \/>\n<meta property=\"og:site_name\" content=\"Configurator Reloaded \u2013 InDesign Panel\" \/>\n<meta property=\"article:modified_time\" content=\"2018-06-05T08:02:02+00:00\" \/>\n<meta name=\"twitter:card\" content=\"summary_large_image\" \/>\n<meta name=\"twitter:label1\" content=\"Gesch\u00e4tzte Lesezeit\" \/>\n\t<meta name=\"twitter:data1\" content=\"1\u00a0Minute\" \/>\n<script type=\"application\/ld+json\" class=\"yoast-schema-graph\">{\"@context\":\"https:\\\/\\\/schema.org\",\"@graph\":[{\"@type\":\"WebPage\",\"@id\":\"https:\\\/\\\/pixelsucht.net\\\/configurator-reloaded-indesign-panel\\\/de\\\/changelog\\\/\",\"url\":\"https:\\\/\\\/pixelsucht.net\\\/configurator-reloaded-indesign-panel\\\/de\\\/changelog\\\/\",\"name\":\"Changelog - Configurator Reloaded \u2013 InDesign Panel\",\"isPartOf\":{\"@id\":\"https:\\\/\\\/pixelsucht.net\\\/configurator-reloaded-indesign-panel\\\/#website\"},\"datePublished\":\"2018-06-05T07:57:05+00:00\",\"dateModified\":\"2018-06-05T08:02:02+00:00\",\"breadcrumb\":{\"@id\":\"https:\\\/\\\/pixelsucht.net\\\/configurator-reloaded-indesign-panel\\\/de\\\/changelog\\\/#breadcrumb\"},\"inLanguage\":\"de\",\"potentialAction\":[{\"@type\":\"ReadAction\",\"target\":[\"https:\\\/\\\/pixelsucht.net\\\/configurator-reloaded-indesign-panel\\\/de\\\/changelog\\\/\"]}]},{\"@type\":\"BreadcrumbList\",\"@id\":\"https:\\\/\\\/pixelsucht.net\\\/configurator-reloaded-indesign-panel\\\/de\\\/changelog\\\/#breadcrumb\",\"itemListElement\":[{\"@type\":\"ListItem\",\"position\":1,\"name\":\"Startseite\",\"item\":\"http:\\\/\\\/pixelsucht.net\\\/configurator-reloaded-indesign-panel\\\/de\\\/home\\\/\"},{\"@type\":\"ListItem\",\"position\":2,\"name\":\"Changelog\"}]},{\"@type\":\"WebSite\",\"@id\":\"https:\\\/\\\/pixelsucht.net\\\/configurator-reloaded-indesign-panel\\\/#website\",\"url\":\"https:\\\/\\\/pixelsucht.net\\\/configurator-reloaded-indesign-panel\\\/\",\"name\":\"Configurator Reloaded \u2013 InDesign Panel\",\"description\":\"Create custom InDesign Panels. Fast \u2013 Easy \u2013 Clear.\",\"potentialAction\":[{\"@type\":\"SearchAction\",\"target\":{\"@type\":\"EntryPoint\",\"urlTemplate\":\"https:\\\/\\\/pixelsucht.net\\\/configurator-reloaded-indesign-panel\\\/?s={search_term_string}\"},\"query-input\":{\"@type\":\"PropertyValueSpecification\",\"valueRequired\":true,\"valueName\":\"search_term_string\"}}],\"inLanguage\":\"de\"}]}<\/script>\n<!-- \/ Yoast SEO plugin. -->","yoast_head_json":{"title":"Changelog - Configurator Reloaded \u2013 InDesign Panel","robots":{"index":"index","follow":"follow","max-snippet":"max-snippet:-1","max-image-preview":"max-image-preview:large","max-video-preview":"max-video-preview:-1"},"canonical":"https:\/\/pixelsucht.net\/configurator-reloaded-indesign-panel\/de\/changelog\/","og_locale":"de_DE","og_type":"article","og_title":"Changelog - Configurator Reloaded \u2013 InDesign Panel","og_description":"Version 1.1 Neue Funktionen Im Panel-Men\u00fc gibt es jetzt deinen neuen Eintrag \"Buttons sperren\". Ist dies aktiviert, k\u00f6nnen Buttons innerhalb eines Containers nicht mehr per Drag&amp;Drop angeordnet werden. Dies soll versehentliches \u00c4ndern vorbeugen. Mit aktiviertem \"Buttons sperren\" ist es weiterhin m\u00f6glich neue Buttons vom SlideIn hinzuzuf\u00fcgen und Buttons zwischen verschiedenen Containern zu verschieben. Bei einem [&hellip;]","og_url":"https:\/\/pixelsucht.net\/configurator-reloaded-indesign-panel\/de\/changelog\/","og_site_name":"Configurator Reloaded \u2013 InDesign Panel","article_modified_time":"2018-06-05T08:02:02+00:00","twitter_card":"summary_large_image","twitter_misc":{"Gesch\u00e4tzte Lesezeit":"1\u00a0Minute"},"schema":{"@context":"https:\/\/schema.org","@graph":[{"@type":"WebPage","@id":"https:\/\/pixelsucht.net\/configurator-reloaded-indesign-panel\/de\/changelog\/","url":"https:\/\/pixelsucht.net\/configurator-reloaded-indesign-panel\/de\/changelog\/","name":"Changelog - Configurator Reloaded \u2013 InDesign Panel","isPartOf":{"@id":"https:\/\/pixelsucht.net\/configurator-reloaded-indesign-panel\/#website"},"datePublished":"2018-06-05T07:57:05+00:00","dateModified":"2018-06-05T08:02:02+00:00","breadcrumb":{"@id":"https:\/\/pixelsucht.net\/configurator-reloaded-indesign-panel\/de\/changelog\/#breadcrumb"},"inLanguage":"de","potentialAction":[{"@type":"ReadAction","target":["https:\/\/pixelsucht.net\/configurator-reloaded-indesign-panel\/de\/changelog\/"]}]},{"@type":"BreadcrumbList","@id":"https:\/\/pixelsucht.net\/configurator-reloaded-indesign-panel\/de\/changelog\/#breadcrumb","itemListElement":[{"@type":"ListItem","position":1,"name":"Startseite","item":"http:\/\/pixelsucht.net\/configurator-reloaded-indesign-panel\/de\/home\/"},{"@type":"ListItem","position":2,"name":"Changelog"}]},{"@type":"WebSite","@id":"https:\/\/pixelsucht.net\/configurator-reloaded-indesign-panel\/#website","url":"https:\/\/pixelsucht.net\/configurator-reloaded-indesign-panel\/","name":"Configurator Reloaded \u2013 InDesign Panel","description":"Create custom InDesign Panels. Fast \u2013 Easy \u2013 Clear.","potentialAction":[{"@type":"SearchAction","target":{"@type":"EntryPoint","urlTemplate":"https:\/\/pixelsucht.net\/configurator-reloaded-indesign-panel\/?s={search_term_string}"},"query-input":{"@type":"PropertyValueSpecification","valueRequired":true,"valueName":"search_term_string"}}],"inLanguage":"de"}]}},"_links":{"self":[{"href":"https:\/\/pixelsucht.net\/configurator-reloaded-indesign-panel\/wp-json\/wp\/v2\/pages\/6219","targetHints":{"allow":["GET"]}}],"collection":[{"href":"https:\/\/pixelsucht.net\/configurator-reloaded-indesign-panel\/wp-json\/wp\/v2\/pages"}],"about":[{"href":"https:\/\/pixelsucht.net\/configurator-reloaded-indesign-panel\/wp-json\/wp\/v2\/types\/page"}],"author":[{"embeddable":true,"href":"https:\/\/pixelsucht.net\/configurator-reloaded-indesign-panel\/wp-json\/wp\/v2\/users\/1"}],"replies":[{"embeddable":true,"href":"https:\/\/pixelsucht.net\/configurator-reloaded-indesign-panel\/wp-json\/wp\/v2\/comments?post=6219"}],"version-history":[{"count":4,"href":"https:\/\/pixelsucht.net\/configurator-reloaded-indesign-panel\/wp-json\/wp\/v2\/pages\/6219\/revisions"}],"predecessor-version":[{"id":6225,"href":"https:\/\/pixelsucht.net\/configurator-reloaded-indesign-panel\/wp-json\/wp\/v2\/pages\/6219\/revisions\/6225"}],"wp:attachment":[{"href":"https:\/\/pixelsucht.net\/configurator-reloaded-indesign-panel\/wp-json\/wp\/v2\/media?parent=6219"}],"curies":[{"name":"wp","href":"https:\/\/api.w.org\/{rel}","templated":true}]}}